{"id":783,"date":"2025-05-17T02:58:27","date_gmt":"2025-05-17T02:58:27","guid":{"rendered":"https:\/\/aausolar.com\/?post_type=product&#038;p=783"},"modified":"2025-05-17T02:59:48","modified_gmt":"2025-05-17T02:59:48","slug":"he-thong-dien-nlmt-mai-nha-5kw","status":"publish","type":"product","link":"https:\/\/aausolar.com\/?product=he-thong-dien-nlmt-mai-nha-5kw","title":{"rendered":"H\u1ec7 th\u1ed1ng \u0111i\u1ec7n NLMT m\u00e1i nh\u00e0 5kw"},"content":{"rendered":"<p class=\"\" data-start=\"240\" data-end=\"582\"><strong data-start=\"240\" data-end=\"284\">H\u1ec7 th\u1ed1ng \u0111i\u1ec7n n\u0103ng l\u01b0\u1ee3ng m\u1eb7t tr\u1eddi \u00e1p m\u00e1i<\/strong> l\u00e0 gi\u1ea3i ph\u00e1p \u0111i\u1ec7n s\u1ea1ch, b\u1ec1n v\u1eefng v\u00e0 ti\u1ebft ki\u1ec7m chi ph\u00ed v\u1eadn h\u00e0nh cho h\u1ed9 gia \u0111\u00ecnh, doanh nghi\u1ec7p v\u00e0 nh\u00e0 x\u01b0\u1edfng. H\u1ec7 th\u1ed1ng s\u1eed d\u1ee5ng c\u00e1c <strong data-start=\"413\" data-end=\"447\">t\u1ea5m pin m\u1eb7t tr\u1eddi hi\u1ec7u su\u1ea5t cao<\/strong>, l\u1eafp \u0111\u1eb7t tr\u00ean m\u00e1i nh\u00e0 \u0111\u1ec3 <strong data-start=\"473\" data-end=\"521\">chuy\u1ec3n \u0111\u1ed5i \u00e1nh s\u00e1ng m\u1eb7t tr\u1eddi th\u00e0nh \u0111i\u1ec7n n\u0103ng<\/strong>, gi\u00fap gi\u1ea3m h\u00f3a \u0111\u01a1n ti\u1ec1n \u0111i\u1ec7n v\u00e0 ch\u1ee7 \u0111\u1ed9ng ngu\u1ed3n cung \u1ed5n \u0111\u1ecbnh.<\/p>\n<p class=\"\" data-start=\"584\" data-end=\"878\">S\u1ea3n ph\u1ea9m t\u00edch h\u1ee3p <strong data-start=\"602\" data-end=\"629\">inverter ch\u1ea5t l\u01b0\u1ee3ng cao<\/strong>, v\u1eadn h\u00e0nh th\u00f4ng minh v\u00e0 an to\u00e0n. K\u1ebft c\u1ea5u khung gi\u00e1 \u0111\u1ee1 b\u1eb1ng <strong data-start=\"689\" data-end=\"715\">h\u1ee3p kim nh\u00f4m ch\u1eafc ch\u1eafn<\/strong>, ch\u1ed1ng g\u1ec9 s\u00e9t, ch\u1ecbu \u0111\u01b0\u1ee3c \u0111i\u1ec1u ki\u1ec7n th\u1eddi ti\u1ebft kh\u1eafc nghi\u1ec7t. H\u1ec7 th\u1ed1ng c\u00f3 th\u1ec3 <strong data-start=\"790\" data-end=\"802\">ho\u00e0 l\u01b0\u1edbi<\/strong> ho\u1eb7c k\u1ebft h\u1ee3p <strong data-start=\"816\" data-end=\"844\">l\u01b0u tr\u1eef b\u1eb1ng pin lithium<\/strong>, ph\u00f9 h\u1ee3p v\u1edbi m\u1ecdi nhu c\u1ea7u s\u1eed d\u1ee5ng.<\/p>\n<p class=\"\" data-start=\"880\" data-end=\"1068\">\u2705 Ti\u1ebft ki\u1ec7m chi ph\u00ed \u0111i\u1ec7n l\u00e2u d\u00e0i<br data-start=\"912\" data-end=\"915\" \/>\u2705 V\u1eadn h\u00e0nh t\u1ef1 \u0111\u1ed9ng, b\u1ea3o tr\u00ec th\u1ea5p<br data-start=\"947\" data-end=\"950\" \/>\u2705 C\u00f3 th\u1ec3 b\u00e1n \u0111i\u1ec7n d\u01b0 cho EVN (n\u1ebfu \u0111\u1ea5u n\u1ed1i h\u1ee3p l\u1ec7)<br data-start=\"999\" data-end=\"1002\" \/>\u2705 L\u1eafp \u0111\u1eb7t linh ho\u1ea1t cho nh\u00e0 \u1edf, kh\u00e1ch s\u1ea1n, trang tr\u1ea1i, nh\u00e0 x\u01b0\u1edfng&#8230;<\/p>\n","protected":false},"excerpt":{"rendered":"<p>\u2705 Ti\u1ebft ki\u1ec7m chi ph\u00ed \u0111i\u1ec7n l\u00e2u d\u00e0i<br data-start=\"912\" data-end=\"915\" \/>\u2705 V\u1eadn h\u00e0nh t\u1ef1 \u0111\u1ed9ng, b\u1ea3o tr\u00ec th\u1ea5p<br data-start=\"947\" data-end=\"950\" \/>\u2705 C\u00f3 th\u1ec3 b\u00e1n \u0111i\u1ec7n d\u01b0 cho EVN (n\u1ebfu \u0111\u1ea5u n\u1ed1i h\u1ee3p l\u1ec7)<br data-start=\"999\" data-end=\"1002\" \/>\u2705 L\u1eafp \u0111\u1eb7t linh ho\u1ea1t cho nh\u00e0 \u1edf, kh\u00e1ch s\u1ea1n, trang tr\u1ea1i, nh\u00e0 x\u01b0\u1edfng&#8230;<\/p>\n","protected":false},"featured_media":537,"comment_status":"open","ping_status":"closed","template":"","meta":{"site-sidebar-layout":"default","site-content-layout":"","ast-site-content-layout":"","site-content-style":"default","site-sidebar-style":"default","ast-global-header-display":"","ast-banner-title-visibility":"","ast-main-header-display":"","ast-hfb-above-header-display":"","ast-hfb-below-header-display":"","ast-hfb-mobile-header-display":"","site-post-title":"","ast-breadcrumbs-content":"","ast-featured-img":"","footer-sml-layout":"","theme-transparent-header-meta":"","adv-header-id-meta":"","stick-header-meta":"","header-above-stick-meta":"","header-main-stick-meta":"","header-below-stick-meta":"","astra-migrate-meta-layouts":"default","ast-page-background-enabled":"default","ast-page-background-meta":{"desktop":{"background-color":"var(--ast-global-color-5)","background-image":"","background-repeat":"repeat","background-position":"center center","background-size":"auto","background-attachment":"scroll","background-type":"","background-media":"","overlay-type":"","overlay-color":"","overlay-opacity":"","overlay-gradient":""},"tablet":{"background-color":"","background-image":"","background-repeat":"repeat","background-position":"center center","background-size":"auto","background-attachment":"scroll","background-type":"","background-media":"","overlay-type":"","overlay-color":"","overlay-opacity":"","overlay-gradient":""},"mobile":{"background-color":"","background-image":"","background-repeat":"repeat","background-position":"center center","background-size":"auto","background-attachment":"scroll","background-type":"","background-media":"","overlay-type":"","overlay-color":"","overlay-opacity":"","overlay-gradient":""}},"ast-content-background-meta":{"desktop":{"background-color":"var(--ast-global-color-4)","background-image":"","background-repeat":"repeat","background-position":"center center","background-size":"auto","background-attachment":"scroll","background-type":"","background-media":"","overlay-type":"","overlay-color":"","overlay-opacity":"","overlay-gradient":""},"tablet":{"background-color":"var(--ast-global-color-4)","background-image":"","background-repeat":"repeat","background-position":"center center","background-size":"auto","background-attachment":"scroll","background-type":"","background-media":"","overlay-type":"","overlay-color":"","overlay-opacity":"","overlay-gradient":""},"mobile":{"background-color":"var(--ast-global-color-4)","background-image":"","background-repeat":"repeat","background-position":"center center","background-size":"auto","background-attachment":"scroll","background-type":"","background-media":"","overlay-type":"","overlay-color":"","overlay-opacity":"","overlay-gradient":""}},"_kadence_starter_templates_imported_post":false},"product_brand":[],"product_cat":[42],"product_tag":[46],"class_list":{"0":"post-783","1":"product","2":"type-product","3":"status-publish","4":"has-post-thumbnail","6":"product_cat-chua-phan-loai","7":"product_tag-ss1","8":"desktop-align-left","9":"tablet-align-left","10":"mobile-align-left","12":"first","13":"instock","14":"sale","15":"shipping-taxable","16":"purchasable","17":"product-type-simple"},"jetpack_sharing_enabled":true,"_links":{"self":[{"href":"https:\/\/aausolar.com\/index.php?rest_route=\/wp\/v2\/product\/783","targetHints":{"allow":["GET"]}}],"collection":[{"href":"https:\/\/aausolar.com\/index.php?rest_route=\/wp\/v2\/product"}],"about":[{"href":"https:\/\/aausolar.com\/index.php?rest_route=\/wp\/v2\/types\/product"}],"replies":[{"embeddable":true,"href":"https:\/\/aausolar.com\/index.php?rest_route=%2Fwp%2Fv2%2Fcomments&post=783"}],"wp:featuredmedia":[{"embeddable":true,"href":"https:\/\/aausolar.com\/index.php?rest_route=\/wp\/v2\/media\/537"}],"wp:attachment":[{"href":"https:\/\/aausolar.com\/index.php?rest_route=%2Fwp%2Fv2%2Fmedia&parent=783"}],"wp:term":[{"taxonomy":"product_brand","embeddable":true,"href":"https:\/\/aausolar.com\/index.php?rest_route=%2Fwp%2Fv2%2Fproduct_brand&post=783"},{"taxonomy":"product_cat","embeddable":true,"href":"https:\/\/aausolar.com\/index.php?rest_route=%2Fwp%2Fv2%2Fproduct_cat&post=783"},{"taxonomy":"product_tag","embeddable":true,"href":"https:\/\/aausolar.com\/index.php?rest_route=%2Fwp%2Fv2%2Fproduct_tag&post=783"}],"curies":[{"name":"wp","href":"https:\/\/api.w.org\/{rel}","templated":true}]}}