{"id":764,"date":"2025-05-17T01:37:34","date_gmt":"2025-05-17T01:37:34","guid":{"rendered":"https:\/\/aausolar.com\/?post_type=product&#038;p=764"},"modified":"2025-05-17T03:56:46","modified_gmt":"2025-05-17T03:56:46","slug":"den-nang-luong-mat-troi-cao-cap","status":"publish","type":"product","link":"https:\/\/aausolar.com\/?product=den-nang-luong-mat-troi-cao-cap","title":{"rendered":"\u0110\u00e8n n\u0103ng l\u01b0\u1ee3ng m\u1eb7t tr\u1eddi cao c\u1ea5p"},"content":{"rendered":"<ul>\n<li class=\"\" data-start=\"1247\" data-end=\"1312\">\n<p class=\"\" data-start=\"1249\" data-end=\"1312\">T\u1ea5m pin n\u0103ng l\u01b0\u1ee3ng m\u1eb7t tr\u1eddi lo\u1ea1i Mono ho\u1eb7c Poly ch\u1ea5t l\u01b0\u1ee3ng cao.<\/p>\n<\/li>\n<li class=\"\" data-start=\"1313\" data-end=\"1351\">\n<p class=\"\" data-start=\"1315\" data-end=\"1351\">T\u00edch h\u1ee3p pin l\u01b0u tr\u1eef Lithium b\u1ec1n b\u1ec9.<\/p>\n<\/li>\n<li class=\"\" data-start=\"1352\" data-end=\"1404\">\n<p class=\"\" data-start=\"1354\" data-end=\"1404\">T\u1ef1 \u0111\u1ed9ng s\u1ea1c ban ng\u00e0y, t\u1ef1 \u0111\u1ed9ng b\u1eadt \u0111\u00e8n v\u00e0o ban \u0111\u00eam.<\/p>\n<\/li>\n<li class=\"\" data-start=\"1405\" data-end=\"1462\">\n<p class=\"\" data-start=\"1407\" data-end=\"1462\">Kh\u00f4ng c\u1ea7n k\u00e9o d\u00e2y \u0111i\u1ec7n, d\u1ec5 l\u1eafp \u0111\u1eb7t \u2013 ti\u1ebft ki\u1ec7m chi ph\u00ed.<\/p>\n<\/li>\n<li class=\"\" data-start=\"1463\" data-end=\"1560\">\n<p class=\"\" data-start=\"1465\" data-end=\"1560\">Ch\u1ed1ng n\u01b0\u1edbc IP65\/IP66, th\u00edch h\u1ee3p cho s\u00e2n v\u01b0\u1eddn, c\u1ed5ng, \u0111\u01b0\u1eddng n\u00f4ng th\u00f4n, c\u00f4ng vi\u00ean, nh\u00e0 x\u01b0\u1edfng, v.v.<\/p>\n<\/li>\n<\/ul>\n","protected":false},"excerpt":{"rendered":"<p>\u0110\u00e8n n\u0103ng l\u01b0\u1ee3ng m\u1eb7t tr\u1eddi cao c\u1ea5p v\u1edbi thi\u1ebft k\u1ebf v\u1ecf nh\u00f4m h\u1ee3p kim nguy\u00ean kh\u1ed1i, ch\u1ed1ng oxy h\u00f3a v\u00e0 t\u1ea3n nhi\u1ec7t v\u01b0\u1ee3t tr\u1ed9i. S\u1eed d\u1ee5ng chip LED si\u00eau s\u00e1ng hi\u1ec7u su\u1ea5t cao 180lm\/W, cho \u00e1nh s\u00e1ng m\u1ea1nh, \u0111\u1ec1u v\u00e0 ti\u1ebft ki\u1ec7m n\u0103ng l\u01b0\u1ee3ng. S\u1ea3n ph\u1ea9m \u0111\u00e3 \u0111\u01b0\u1ee3c ki\u1ec3m \u0111\u1ecbnh ch\u1ea5t l\u01b0\u1ee3ng t\u1ea1i Trung t\u00e2m 3 (QUATEST 3), \u0111\u1ea3m b\u1ea3o \u0111\u1ed9 b\u1ec1n v\u00e0 an to\u00e0n trong qu\u00e1 tr\u00ecnh s\u1eed d\u1ee5ng. Th\u00edch h\u1ee3p l\u1eafp \u0111\u1eb7t ngo\u00e0i tr\u1eddi, ho\u1ea1t \u0111\u1ed9ng \u1ed5n \u0111\u1ecbnh trong m\u1ecdi \u0111i\u1ec1u ki\u1ec7n th\u1eddi ti\u1ebft.<\/p>\n","protected":false},"featured_media":784,"comment_status":"open","ping_status":"closed","template":"","meta":{"site-sidebar-layout":"default","site-content-layout":"","ast-site-content-layout":"","site-content-style":"default","site-sidebar-style":"default","ast-global-header-display":"","ast-banner-title-visibility":"","ast-main-header-display":"","ast-hfb-above-header-display":"","ast-hfb-below-header-display":"","ast-hfb-mobile-header-display":"","site-post-title":"","ast-breadcrumbs-content":"","ast-featured-img":"","footer-sml-layout":"","theme-transparent-header-meta":"","adv-header-id-meta":"","stick-header-meta":"","header-above-stick-meta":"","header-main-stick-meta":"","header-below-stick-meta":"","astra-migrate-meta-layouts":"default","ast-page-background-enabled":"default","ast-page-background-meta":{"desktop":{"background-color":"var(--ast-global-color-5)","background-image":"","background-repeat":"repeat","background-position":"center center","background-size":"auto","background-attachment":"scroll","background-type":"","background-media":"","overlay-type":"","overlay-color":"","overlay-opacity":"","overlay-gradient":""},"tablet":{"background-color":"","background-image":"","background-repeat":"repeat","background-position":"center center","background-size":"auto","background-attachment":"scroll","background-type":"","background-media":"","overlay-type":"","overlay-color":"","overlay-opacity":"","overlay-gradient":""},"mobile":{"background-color":"","background-image":"","background-repeat":"repeat","background-position":"center center","background-size":"auto","background-attachment":"scroll","background-type":"","background-media":"","overlay-type":"","overlay-color":"","overlay-opacity":"","overlay-gradient":""}},"ast-content-background-meta":{"desktop":{"background-color":"var(--ast-global-color-4)","background-image":"","background-repeat":"repeat","background-position":"center center","background-size":"auto","background-attachment":"scroll","background-type":"","background-media":"","overlay-type":"","overlay-color":"","overlay-opacity":"","overlay-gradient":""},"tablet":{"background-color":"var(--ast-global-color-4)","background-image":"","background-repeat":"repeat","background-position":"center center","background-size":"auto","background-attachment":"scroll","background-type":"","background-media":"","overlay-type":"","overlay-color":"","overlay-opacity":"","overlay-gradient":""},"mobile":{"background-color":"var(--ast-global-color-4)","background-image":"","background-repeat":"repeat","background-position":"center center","background-size":"auto","background-attachment":"scroll","background-type":"","background-media":"","overlay-type":"","overlay-color":"","overlay-opacity":"","overlay-gradient":""}},"_kadence_starter_templates_imported_post":false},"product_brand":[],"product_cat":[44],"product_tag":[45],"class_list":{"0":"post-764","1":"product","2":"type-product","3":"status-publish","4":"has-post-thumbnail","6":"product_cat-den-nang-luong-mat-troi","7":"product_tag-sl1","8":"desktop-align-left","9":"tablet-align-left","10":"mobile-align-left","12":"first","13":"instock","14":"sale","15":"shipping-taxable","16":"purchasable","17":"product-type-simple"},"jetpack_sharing_enabled":true,"_links":{"self":[{"href":"https:\/\/aausolar.com\/index.php?rest_route=\/wp\/v2\/product\/764","targetHints":{"allow":["GET"]}}],"collection":[{"href":"https:\/\/aausolar.com\/index.php?rest_route=\/wp\/v2\/product"}],"about":[{"href":"https:\/\/aausolar.com\/index.php?rest_route=\/wp\/v2\/types\/product"}],"replies":[{"embeddable":true,"href":"https:\/\/aausolar.com\/index.php?rest_route=%2Fwp%2Fv2%2Fcomments&post=764"}],"wp:featuredmedia":[{"embeddable":true,"href":"https:\/\/aausolar.com\/index.php?rest_route=\/wp\/v2\/media\/784"}],"wp:attachment":[{"href":"https:\/\/aausolar.com\/index.php?rest_route=%2Fwp%2Fv2%2Fmedia&parent=764"}],"wp:term":[{"taxonomy":"product_brand","embeddable":true,"href":"https:\/\/aausolar.com\/index.php?rest_route=%2Fwp%2Fv2%2Fproduct_brand&post=764"},{"taxonomy":"product_cat","embeddable":true,"href":"https:\/\/aausolar.com\/index.php?rest_route=%2Fwp%2Fv2%2Fproduct_cat&post=764"},{"taxonomy":"product_tag","embeddable":true,"href":"https:\/\/aausolar.com\/index.php?rest_route=%2Fwp%2Fv2%2Fproduct_tag&post=764"}],"curies":[{"name":"wp","href":"https:\/\/api.w.org\/{rel}","templated":true}]}}