{"id":879,"date":"2025-05-26T02:06:10","date_gmt":"2025-05-26T02:06:10","guid":{"rendered":"https:\/\/aausolar.com\/?page_id=879"},"modified":"2025-05-26T02:09:38","modified_gmt":"2025-05-26T02:09:38","slug":"%e2%9a%a0%ef%b8%8f-dung-de-nang-luong-mat-troi-tro-thanh-nguy-co","status":"publish","type":"page","link":"https:\/\/aausolar.com\/?page_id=879","title":{"rendered":"\u26a0\ufe0f \u0110\u1eeaNG \u0110\u1ec2 N\u0102NG L\u01af\u1ee2NG M\u1eb6T TR\u1edcI TR\u1ede TH\u00c0NH NGUY C\u01a0"},"content":{"rendered":"<p><strong>Ch\u1ea5t l\u01b0\u1ee3ng t\u1ea5m pin + k\u1ef9 thu\u1eadt l\u1eafp \u0111\u1eb7t quy\u1ebft \u0111\u1ecbnh s\u1ef1 an to\u00e0n &amp; hi\u1ec7u qu\u1ea3!<\/strong><\/p><p>\ud83d\udd35 Bi\u1ebfn m\u00e0u \u2013 Gi\u1ea3m c\u00f4ng su\u1ea5t \u2013 Nguy c\u01a1 ch\u00e1y n\u1ed5<\/p><p><img fetchpriority=\"high\" decoding=\"async\" src=\"https:\/\/aausolar.com\/wp-content\/uploads\/2025\/05\/2-300x225.jpg\" alt=\"\" width=\"300\" height=\"225\" \/><br \/>\ud83d\udfe0 G\u1eafn c\u00e1c t\u1ea5m kh\u00f4ng c\u00f9ng c\u00f4ng su\u1ea5t v\u00e0o 1 chu\u1ed7i \u2013 l\u1ed7i nghi\u00eam tr\u1ecdng khi\u1ebfn d\u00f2ng \u0111i\u1ec7n kh\u00f4ng \u0111\u1ed3ng \u0111\u1ec1u, sinh nhi\u1ec7t c\u1ee5c b\u1ed9 d\u1eabn \u0111\u1ebfn ch\u1eadp ch\u00e1y, h\u01b0 h\u1ecfng nhanh.<\/p>\n<p><img decoding=\"async\" src=\"https:\/\/aausolar.com\/wp-content\/uploads\/2025\/05\/1-300x225.jpg\" alt=\"\" width=\"300\" height=\"225\" \/><\/p><p>\u2600\ufe0f N\u0103ng l\u01b0\u1ee3ng m\u1eb7t tr\u1eddi \u2013 L\u1ee3i \u00edch l\u00e2u d\u00e0i hay r\u1ee7i ro ti\u1ec1m \u1ea9n?<br \/>Nhi\u1ec1u ng\u01b0\u1eddi l\u1ea7m t\u01b0\u1edfng r\u1eb1ng l\u1eafp \u0111i\u1ec7n m\u1eb7t tr\u1eddi l\u00e0 ch\u1ec9 c\u1ea7n mua t\u1ea5m pin t\u1ed1t l\u00e0 xong. Nh\u01b0ng th\u1ef1c t\u1ebf cho th\u1ea5y:<\/p><p>T\u1ea5m pin ch\u1ea5t l\u01b0\u1ee3ng th\u1ea5p k\u1ebft h\u1ee3p v\u1edbi d\u1ecbch v\u1ee5 l\u1eafp \u0111\u1eb7t kh\u00f4ng chuy\u00ean nghi\u1ec7p s\u1ebd d\u1eabn \u0111\u1ebfn:<\/p><p>\ud83d\udd25 Hi\u1ec7u su\u1ea5t suy gi\u1ea3m nhanh ch\u00f3ng ch\u1ec9 sau v\u00e0i th\u00e1ng.<\/p><p>\ud83d\udd25 T\u1ea5m pin b\u1ecb bi\u1ebfn m\u00e0u, r\u1ea1n n\u1ee9t k\u00ednh, khung nh\u00f4m cong v\u00eanh.<\/p><p>\ud83d\udd25 T\u00ecnh tr\u1ea1ng &#8220;hotspot&#8221; do \u0111\u1ea5u sai chu\u1ed7i, d\u1eabn \u0111\u1ebfn ch\u00e1y n\u1ed5 c\u1ee5c b\u1ed9.<\/p><p>\ud83d\udd25 Thi c\u00f4ng sai k\u1ef9 thu\u1eadt l\u00e0m n\u01b0\u1edbc th\u1ea5m h\u1ed9p n\u1ed1i, ch\u1eadp \u0111i\u1ec7n ng\u1ea7m, nguy hi\u1ec3m.<\/p><p>\u274c Nh\u1eefng sai l\u1ea7m ph\u1ed5 bi\u1ebfn g\u00e2y h\u1eadu qu\u1ea3 nghi\u00eam tr\u1ecdng<br \/>G\u1eafn c\u00e1c t\u1ea5m pin kh\u00f4ng c\u00f9ng c\u00f4ng su\u1ea5t v\u00e0o c\u00f9ng 1 chu\u1ed7i \u2013 g\u00e2y m\u1ea5t c\u00e2n b\u1eb1ng d\u00f2ng, sinh nhi\u1ec7t.<\/p><p>L\u1eafp \u0111\u1eb7t b\u1edfi \u0111\u1ed9i th\u1ee3 kh\u00f4ng c\u00f3 chuy\u00ean m\u00f4n \u2013 thi\u1ebfu thi\u1ebft b\u1ecb \u0111o, kh\u00f4ng ki\u1ec3m tra \u0111\u1ea7u ra, kh\u00f4ng gi\u00e1m s\u00e1t inverter.<\/p><p>Kh\u00f4ng ki\u1ec3m tra \u0111i\u1ec1u ki\u1ec7n m\u00e1i, g\u00f3c nghi\u00eang, th\u00f4ng gi\u00f3 \u2013 \u1ea3nh h\u01b0\u1edfng tr\u1ef1c ti\u1ebfp \u0111\u1ebfn tu\u1ed5i th\u1ecd pin.<\/p><p>Kh\u00f4ng b\u1ea3o tr\u00ec \u0111\u1ecbnh k\u1ef3 \u2013 kh\u00f4ng ph\u00e1t hi\u1ec7n l\u1ed7i \u00e2m th\u1ea7m nh\u01b0 t\u1ee5t \u00e1p, hao d\u00f2ng, ch\u1ea1m ch\u1eadp.<\/p><p>\ud83c\udfaf Ch\u1ecdn \u0111\u00fang ngay t\u1eeb \u0111\u1ea7u \u2013 \u0111\u1ea7u t\u01b0 \u0111\u00fang ch\u1ed7<br \/>\u2705 T\u1ea5m pin ch\u00ednh h\u00e3ng \u2013 C\u00f3 ch\u1ee9ng ch\u1ec9 IEC, T\u00dcV, b\u1ea3o h\u00e0nh \u2265 10\u201325 n\u0103m.<br \/>\u2705 Thi c\u00f4ng \u0111\u00fang k\u1ef9 thu\u1eadt, \u0111\u1ed3ng b\u1ed9 chu\u1ed7i pin, inverter, h\u1ec7 khung v\u00e0 d\u00e2y d\u1eabn \u0111\u1ea1t chu\u1ea9n.<br \/>\u2705 C\u00f3 gi\u00e1m s\u00e1t online s\u1ea3n l\u01b0\u1ee3ng v\u00e0 l\u1ed7i k\u1ef9 thu\u1eadt, c\u1ea3nh b\u00e1o s\u1edbm khi c\u00f3 s\u1ef1 c\u1ed1.<br \/>\u2705 \u0110\u1ed9i ng\u0169 chuy\u00ean gia c\u00f3 kinh nghi\u1ec7m \u2013 t\u01b0 v\u1ea5n t\u1eeb thi\u1ebft k\u1ebf \u0111\u1ebfn v\u1eadn h\u00e0nh \u2013 h\u1eadu m\u00e3i chuy\u00ean s\u00e2u.<\/p><p>\ud83d\udee0\ufe0f B\u1ea1n \u0111ang c\u00f3 h\u1ec7 th\u1ed1ng NLMT ho\u1ea1t \u0111\u1ed9ng k\u00e9m hi\u1ec7u qu\u1ea3?<br \/>\ud83d\udce9 Ho\u1eb7c c\u1ea7n kh\u1ea3o s\u00e1t l\u1ea1i h\u1ec7 th\u1ed1ng \u0111\u00e3 l\u1eafp \u0111\u1eb7t?<br \/>H\u00e3y \u0111\u1ec3 \u0111\u1ed9i ng\u0169 k\u1ef9 thu\u1eadt c\u1ee7a ch\u00fang t\u00f4i h\u1ed7 tr\u1ee3 b\u1ea1n:<\/p><p>\ud83d\udd0d \u0110o ki\u1ec3m hi\u1ec7u su\u1ea5t th\u1ef1c t\u1ebf t\u1ea5m pin &amp; inverter.<\/p><p>\u26a1 Ph\u00e1t hi\u1ec7n \u0111i\u1ec3m n\u00f3ng, \u0111i\u1ec3m m\u1ea5t d\u00f2ng trong chu\u1ed7i.<\/p><p>\ud83d\udd27 \u0110\u1ec1 xu\u1ea5t ph\u01b0\u01a1ng \u00e1n n\u00e2ng c\u1ea5p \u2013 c\u1ea3i t\u1ea1o \u2013 \u0111\u1ea5u l\u1ea1i an to\u00e0n.<\/p><p>\u2600\ufe0f N\u0102NG L\u01af\u1ee2NG M\u1eb6T TR\u1edcI PH\u1ea2I L\u00c0 GI\u1ea2I PH\u00c1P B\u1ec0N V\u1eeeNG \u2013 KH\u00d4NG PH\u1ea2I R\u1ee6I RO TI\u1ec0M \u1ea8N!<\/p>","protected":false},"excerpt":{"rendered":"<p>Ch\u1ea5t l\u01b0\u1ee3ng t\u1ea5m pin + k\u1ef9 thu\u1eadt l\u1eafp \u0111\u1eb7t quy\u1ebft \u0111\u1ecbnh s\u1ef1 an to\u00e0n &amp; hi\u1ec7u qu\u1ea3! \ud83d\udd35 Bi\u1ebfn m\u00e0u [&hellip;]<\/p>\n","protected":false},"author":1,"featured_media":0,"parent":0,"menu_order":0,"comment_status":"closed","ping_status":"closed","template":"","meta":{"site-sidebar-layout":"default","site-content-layout":"","ast-site-content-layout":"","site-content-style":"default","site-sidebar-style":"default","ast-global-header-display":"","ast-banner-title-visibility":"","ast-main-header-display":"","ast-hfb-above-header-display":"","ast-hfb-below-header-display":"","ast-hfb-mobile-header-display":"","site-post-title":"","ast-breadcrumbs-content":"","ast-featured-img":"","footer-sml-layout":"","theme-transparent-header-meta":"","adv-header-id-meta":"","stick-header-meta":"","header-above-stick-meta":"","header-main-stick-meta":"","header-below-stick-meta":"","astra-migrate-meta-layouts":"default","ast-page-background-enabled":"default","ast-page-background-meta":{"desktop":{"background-color":"var(--ast-global-color-5)","background-image":"","background-repeat":"repeat","background-position":"center center","background-size":"auto","background-attachment":"scroll","background-type":"","background-media":"","overlay-type":"","overlay-color":"","overlay-opacity":"","overlay-gradient":""},"tablet":{"background-color":"","background-image":"","background-repeat":"repeat","background-position":"center center","background-size":"auto","background-attachment":"scroll","background-type":"","background-media":"","overlay-type":"","overlay-color":"","overlay-opacity":"","overlay-gradient":""},"mobile":{"background-color":"","background-image":"","background-repeat":"repeat","background-position":"center center","background-size":"auto","background-attachment":"scroll","background-type":"","background-media":"","overlay-type":"","overlay-color":"","overlay-opacity":"","overlay-gradient":""}},"ast-content-background-meta":{"desktop":{"background-color":"var(--ast-global-color-4)","background-image":"","background-repeat":"repeat","background-position":"center center","background-size":"auto","background-attachment":"scroll","background-type":"","background-media":"","overlay-type":"","overlay-color":"","overlay-opacity":"","overlay-gradient":""},"tablet":{"background-color":"var(--ast-global-color-4)","background-image":"","background-repeat":"repeat","background-position":"center center","background-size":"auto","background-attachment":"scroll","background-type":"","background-media":"","overlay-type":"","overlay-color":"","overlay-opacity":"","overlay-gradient":""},"mobile":{"background-color":"var(--ast-global-color-4)","background-image":"","background-repeat":"repeat","background-position":"center center","background-size":"auto","background-attachment":"scroll","background-type":"","background-media":"","overlay-type":"","overlay-color":"","overlay-opacity":"","overlay-gradient":""}},"_kadence_starter_templates_imported_post":false,"footnotes":""},"class_list":["post-879","page","type-page","status-publish","hentry"],"jetpack_sharing_enabled":true,"_links":{"self":[{"href":"https:\/\/aausolar.com\/index.php?rest_route=\/wp\/v2\/pages\/879","targetHints":{"allow":["GET"]}}],"collection":[{"href":"https:\/\/aausolar.com\/index.php?rest_route=\/wp\/v2\/pages"}],"about":[{"href":"https:\/\/aausolar.com\/index.php?rest_route=\/wp\/v2\/types\/page"}],"author":[{"embeddable":true,"href":"https:\/\/aausolar.com\/index.php?rest_route=\/wp\/v2\/users\/1"}],"replies":[{"embeddable":true,"href":"https:\/\/aausolar.com\/index.php?rest_route=%2Fwp%2Fv2%2Fcomments&post=879"}],"version-history":[{"count":3,"href":"https:\/\/aausolar.com\/index.php?rest_route=\/wp\/v2\/pages\/879\/revisions"}],"predecessor-version":[{"id":882,"href":"https:\/\/aausolar.com\/index.php?rest_route=\/wp\/v2\/pages\/879\/revisions\/882"}],"wp:attachment":[{"href":"https:\/\/aausolar.com\/index.php?rest_route=%2Fwp%2Fv2%2Fmedia&parent=879"}],"curies":[{"name":"wp","href":"https:\/\/api.w.org\/{rel}","templated":true}]}}