{"id":813,"date":"2025-05-22T04:51:17","date_gmt":"2025-05-22T04:51:17","guid":{"rendered":"https:\/\/aausolar.com\/?page_id=813"},"modified":"2025-05-28T03:19:06","modified_gmt":"2025-05-28T03:19:06","slug":"tram-bien-ap","status":"publish","type":"page","link":"https:\/\/aausolar.com\/?page_id=813","title":{"rendered":"Tr\u1ea1m bi\u1ebfn \u00e1p"},"content":{"rendered":"<h2>CHUY\u00caN L\u1eaeP \u0110\u1eb6T &#038; S\u1eecA CH\u1eeeA TR\u1ea0M BI\u1ebeN \u00c1P <\/h2>\n<h4>Thi c\u00f4ng nhanh ch\u00f3ng \u2013 \u0110\u1ea3m b\u1ea3o an to\u00e0n \u2013 T\u1ed1i \u01b0u chi ph\u00ed cho doanh nghi\u1ec7p &#038; khu c\u00f4ng nghi\u1ec7p<br \/>\n<\/h4>\n<h5>C\u00d4NG TY C\u1ed4 PH\u1ea6N TH\u01af\u01a0NG M\u1ea0I-D\u1ecaCH V\u1ee4 V\u00c0 K\u1ef8 THU\u1eacT \u00c1 \u00c2U \u00daC<\/h5>\n<h3>N\u0102NG L\u01af\u1ee2NG S\u1ea0CH CHO M\u1eccI NG\u01af\u1edcI<\/h3>\n<p>\t\t\t\t\t\t\t\t\u0110i\u1ec7n m\u1eb7t tr\u1eddi m\u00e1i nh\u00e0<br \/>\n\t\t\t\t\t\t\t\tCh\u00fang t\u00f4i mang \u0111\u1ebfn nh\u1eefng c\u00f4ng ngh\u1ec7 xanh, s\u1ea1ch v\u00e0 ti\u1ebft ki\u1ec7m, h\u01b0\u1edbng t\u1edbi m\u1ed9t t\u01b0\u01a1ng lai b\u1ec1n v\u1eefng cho m\u1ecdi gia \u0111\u00ecnh v\u00e0 doanh nghi\u1ec7p.<br \/>\n\t\t\t<a href=\"https:\/\/aausolar.com\/?post_type=product\"><br \/>\n\t\t\t\t\t\t\tH\u1ec7 th\u1ed1ng \u0111i\u1ec7n NLMT<br \/>\n\t\t\t\t\t\t\tGi\u1ea3i ph\u00e1p \u0111i\u1ec7n m\u1eb7t tr\u1eddi \u2013 N\u0103ng l\u01b0\u1ee3ng xanh cho t\u01b0\u01a1ng lai b\u1ec1n v\u1eefng<br \/>\nCh\u00fang t\u00f4i cung c\u1ea5p h\u1ec7 th\u1ed1ng \u0111i\u1ec7n n\u0103ng l\u01b0\u1ee3ng m\u1eb7t tr\u1eddi t\u1eeb d\u00e2n d\u1ee5ng \u0111\u1ebfn c\u00f4ng nghi\u1ec7p, gi\u00fap t\u1ed1i \u01b0u h\u00f3a chi ph\u00ed \u0111i\u1ec7n, t\u0103ng t\u00ednh t\u1ef1 ch\u1ee7 n\u0103ng l\u01b0\u1ee3ng v\u00e0 g\u00f3p ph\u1ea7n b\u1ea3o v\u1ec7 m\u00f4i tr\u01b0\u1eddng. V\u1edbi c\u00f4ng ngh\u1ec7 hi\u1ec7n \u0111\u1ea1i, thi\u1ebft k\u1ebf linh ho\u1ea1t v\u00e0 d\u1ecbch v\u1ee5 tr\u1ecdn g\u00f3i \u2013 t\u1eeb kh\u1ea3o s\u00e1t, l\u1eafp \u0111\u1eb7t \u0111\u1ebfn b\u1ea3o tr\u00ec \u2013 ch\u00fang t\u00f4i cam k\u1ebft mang \u0111\u1ebfn gi\u1ea3i ph\u00e1p ph\u00e1t \u0111i\u1ec7n an to\u00e0n, \u1ed5n \u0111\u1ecbnh v\u00e0 hi\u1ec7u qu\u1ea3 l\u00e2u d\u00e0i.<br \/>\n\u0110\u1ea7u t\u01b0 h\u00f4m nay \u2013 H\u01b0\u1edfng l\u1ee3i d\u00e0i l\u00e2u c\u00f9ng AAUSOLAR<br \/>\n\t\t\t\t\t\t\t\u0110\u1ecdc ti\u1ebfp<br \/>\n\t\t<\/a><br \/>\n\t\t\t\t\t\t\t\t\u0110\u00e8n n\u0103ng l\u01b0\u1ee3ng m\u1eb7t tr\u1eddi<br \/>\n\t\t\t\t\t\t\t\tCh\u00fang t\u00f4i chuy\u00ean cung c\u1ea5p c\u00e1c d\u00f2ng \u0111\u00e8n n\u0103ng l\u01b0\u1ee3ng m\u1eb7t tr\u1eddi ch\u1ea5t l\u01b0\u1ee3ng cao, th\u00e2n thi\u1ec7n v\u1edbi m\u00f4i tr\u01b0\u1eddng, gi\u00fap ti\u1ebft ki\u1ec7m \u0111i\u1ec7n n\u0103ng v\u00e0 chi ph\u00ed v\u1eadn h\u00e0nh. T\u1eeb chi\u1ebfu s\u00e1ng s\u00e2n v\u01b0\u1eddn, \u0111\u01b0\u1eddng ph\u1ed1 \u0111\u1ebfn c\u00e1c d\u1ef1 \u00e1n d\u00e2n d\u1ee5ng v\u00e0 c\u00f4ng nghi\u1ec7p, s\u1ea3n ph\u1ea9m c\u1ee7a ch\u00fang t\u00f4i l\u00e0 l\u1ef1a ch\u1ecdn ho\u00e0n h\u1ea3o cho m\u1ed9t cu\u1ed9c s\u1ed1ng th\u00f4ng minh v\u00e0 xanh s\u1ea1ch.<br \/>\n\t\t\t<a href=\"https:\/\/aausolar.com\/?post_type=product\"><br \/>\n\t\t\t\t\t\t\t\u0110\u00e8n NLMT ch\u1ea5t l\u01b0\u1ee3ng cao<br \/>\n\t\t\t\t\t\t\tKh\u00e1m ph\u00e1 ngay c\u00e1c gi\u1ea3i ph\u00e1p chi\u1ebfu s\u00e1ng hi\u1ec7n \u0111\u1ea1i, an to\u00e0n v\u00e0 b\u1ec1n v\u1eefng c\u00f9ng AAUSOLAR.COM<br \/>\n\t\t\t\t\t\t\t\u0110\u1ecdc ti\u1ebfp<br \/>\n\t\t<\/a><br \/>\n\t\t\t\t\t\t\t\tNh\u00e0 m\u00e1y \u0111i\u1ec7n gi\u00f3 AAUSOLAR<br \/>\n\t\t\t\t\t\t\t\t&#8220;H\u1ec7 th\u1ed1ng \u0111i\u1ec7n gi\u00f3 c\u1ee7a ch\u00fang t\u00f4i cung c\u1ea5p ngu\u1ed3n \u0111i\u1ec7n s\u1ea1ch, b\u1ec1n v\u1eefng, g\u00f3p ph\u1ea7n b\u1ea3o v\u1ec7 m\u00f4i tr\u01b0\u1eddng v\u00e0 n\u00e2ng cao hi\u1ec7u qu\u1ea3 n\u0103ng l\u01b0\u1ee3ng.&#8221;<br \/>\n\t\t\t\t\t\t\tNh\u00e0 m\u00e1y \u0111i\u1ec7n gi\u00f3 Aausolar<br \/>\n\t\t\t\t\t\t\t&#8220;Ch\u00fang t\u00f4i t\u1eadp trung ph\u00e1t tri\u1ec3n c\u00e1c gi\u1ea3i ph\u00e1p n\u0103ng l\u01b0\u1ee3ng b\u1ec1n v\u1eefng, trong \u0111\u00f3 h\u1ec7 th\u1ed1ng \u0111i\u1ec7n gi\u00f3 hi\u1ec7n \u0111\u1ea1i \u0111\u01b0\u1ee3c \u1ee9ng d\u1ee5ng r\u1ed9ng r\u00e3i, g\u00f3p ph\u1ea7n t\u1ea1o ra ngu\u1ed3n \u0111i\u1ec7n s\u1ea1ch, hi\u1ec7u qu\u1ea3 v\u00e0 th\u00e2n thi\u1ec7n v\u1edbi m\u00f4i tr\u01b0\u1eddng. \u0110\u1ea7u t\u01b0 v\u00e0o c\u00f4ng ngh\u1ec7 \u0111i\u1ec7n gi\u00f3 gi\u00fap t\u1ed1i \u01b0u h\u00f3a n\u0103ng su\u1ea5t v\u00e0 mang l\u1ea1i l\u1ee3i \u00edch kinh t\u1ebf l\u00e2u d\u00e0i cho c\u1ed9ng \u0111\u1ed3ng.&#8221;<br \/>\n\t\t\t\t\t\t\t\t\t\t\t<a href=\"#\"><br \/>\n\t\t\t\t\t\t\t\u0110\u1ecdc ti\u1ebfp\t\t\t\t\t\t<\/a><br \/>\n\t\t\t\t\t\t\t\tL\u1eafp \u0111\u1eb7t tr\u1ea1m bi\u1ebfn \u00e1p v\u00e0 \u0111\u01b0\u1eddng d\u00e2y trung th\u1ebf<br \/>\n\t\t\t\t\t\t\t\tD\u1ecbch v\u1ee5 bao g\u1ed3m:<br \/>\nKh\u1ea3o s\u00e1t, thi\u1ebft k\u1ebf h\u1ec7 th\u1ed1ng \u0111i\u1ec7n trung th\u1ebf v\u00e0 tr\u1ea1m bi\u1ebfn \u00e1p<br \/>\nThi c\u00f4ng, l\u1eafp \u0111\u1eb7t v\u00e0 v\u1eadn h\u00e0nh tr\u1ea1m bi\u1ebfn \u00e1p t\u1eeb 100kVA \u0111\u1ebfn 2500kVA<br \/>\nL\u1eafp \u0111\u1eb7t \u0111\u01b0\u1eddng d\u00e2y trung th\u1ebf tr\u00ean kh\u00f4ng v\u00e0 c\u00e1p ng\u1ea7m<br \/>\n\u0110\u1ea5u n\u1ed1i v\u00e0 nghi\u1ec7m thu theo ti\u00eau chu\u1ea9n ng\u00e0nh<br \/>\n\t\t\t\t\t\t\tGi\u1edbi thi\u1ec7u d\u1ecbch v\u1ee5 l\u1eafp \u0111\u1eb7t tr\u1ea1m bi\u1ebfn \u00e1p v\u00e0 \u0111\u01b0\u1eddng d\u00e2y trung th\u1ebf<br \/>\n\t\t\t\t\t\t\tCh\u00fang t\u00f4i chuy\u00ean cung c\u1ea5p gi\u1ea3i ph\u00e1p l\u1eafp \u0111\u1eb7t tr\u1ea1m bi\u1ebfn \u00e1p v\u00e0 \u0111\u01b0\u1eddng d\u00e2y trung th\u1ebf cho c\u00e1c khu c\u00f4ng nghi\u1ec7p, nh\u00e0 m\u00e1y, t\u00f2a nh\u00e0 th\u01b0\u01a1ng m\u1ea1i v\u00e0 h\u1ea1 t\u1ea7ng \u0111\u00f4 th\u1ecb. V\u1edbi \u0111\u1ed9i ng\u0169 k\u1ef9 s\u01b0 gi\u00e0u kinh nghi\u1ec7m v\u00e0 trang thi\u1ebft b\u1ecb hi\u1ec7n \u0111\u1ea1i, ch\u00fang t\u00f4i \u0111\u1ea3m b\u1ea3o thi c\u00f4ng an to\u00e0n, \u0111\u00fang k\u1ef9 thu\u1eadt, \u0111\u00fang ti\u1ebfn \u0111\u1ed9, \u0111\u00e1p \u1ee9ng \u0111\u1ea7y \u0111\u1ee7 c\u00e1c ti\u00eau chu\u1ea9n c\u1ee7a ng\u00e0nh \u0111i\u1ec7n l\u1ef1c.<br \/>\n\t\t\t\t\t\t\t\t\t\t\t<a href=\"https:\/\/aausolar.com\/?post_type=product\"><br \/>\n\t\t\t\t\t\t\t\u0110\u1ecdc th\u00eam\t\t\t\t\t\t<\/a><br \/>\n\t\t\t\t\t\t\t\tL\u1eafp \u0111\u1eb7t &#038; S\u1eeda ch\u1eefa h\u1ec7 th\u1ed1ng \u0111i\u1ec7n c\u00f4ng nghi\u1ec7p v\u00e0 d\u00e2n d\u1ee5ng<br \/>\n\t\t\t\t\t\t\t\tV\u1edbi \u0111\u1ed9i ng\u0169 k\u1ef9 thu\u1eadt vi\u00ean l\u00e0nh ngh\u1ec1, gi\u00e0u kinh nghi\u1ec7m, ch\u00fang t\u00f4i cam k\u1ebft:<br \/>\nThi c\u00f4ng \u0111\u00fang k\u1ef9 thu\u1eadt \u2013 \u0111\u1ea3m b\u1ea3o an to\u00e0n<br \/>\nKh\u1eafc ph\u1ee5c nhanh s\u1ef1 c\u1ed1 \u0111i\u1ec7n, gi\u1ea3m thi\u1ec3u gi\u00e1n \u0111o\u1ea1n ho\u1ea1t \u0111\u1ed9ng<br \/>\nT\u01b0 v\u1ea5n, thi\u1ebft k\u1ebf h\u1ec7 th\u1ed1ng \u0111i\u1ec7n t\u1ed1i \u01b0u, ti\u1ebft ki\u1ec7m \u0111i\u1ec7n n\u0103ng<br \/>\n\t\t\t\t\t\t\tD\u1ecbch v\u1ee5 nhanh ch\u00f3ng \u2013 chuy\u00ean nghi\u1ec7p \u2013 chi ph\u00ed h\u1ee3p l\u00fd<br \/>\n\t\t\t\t\t\t\tCh\u00fang t\u00f4i cung c\u1ea5p d\u1ecbch v\u1ee5 l\u1eafp \u0111\u1eb7t v\u00e0 s\u1eeda ch\u1eefa h\u1ec7 th\u1ed1ng \u0111i\u1ec7n cho c\u1ea3 c\u00f4ng tr\u00ecnh d\u00e2n d\u1ee5ng v\u00e0 c\u00f4ng nghi\u1ec7p, \u0111\u00e1p \u1ee9ng nhu c\u1ea7u t\u1eeb nh\u00e0 \u1edf, v\u0103n ph\u00f2ng, \u0111\u1ebfn nh\u00e0 x\u01b0\u1edfng, kho b\u00e3i v\u00e0 khu c\u00f4ng nghi\u1ec7p.<br \/>\n\t\t\t\t\t\t\t\t\t\t\t<a href=\"https:\/\/aausolar.com\/?post_type=product\"><br \/>\n\t\t\t\t\t\t\tXem th\u00eam\t\t\t\t\t\t<\/a><br \/>\n\t\t\t\t\t\t\t\tNh\u00e0 th\u00f4ng minh \u2013 Cu\u1ed9c s\u1ed1ng an l\u00e0nh<br \/>\n\t\t\t\t\t\t\t\tGi\u1ea3i ph\u00e1p nh\u00e0 th\u00f4ng minh \u2013 Ti\u1ec7n nghi trong t\u1ea7m tay.<br \/>\nCh\u00fang t\u00f4i chuy\u00ean kinh doanh v\u00e0 l\u1eafp \u0111\u1eb7t h\u1ec7 th\u1ed1ng \u0111i\u1ec7n Smarthome, mang \u0111\u1ebfn gi\u1ea3i ph\u00e1p \u0111i\u1ec1u khi\u1ec3n thi\u1ebft b\u1ecb \u0111i\u1ec7n t\u1ef1 \u0111\u1ed9ng, th\u00f4ng minh v\u00e0 hi\u1ec7n \u0111\u1ea1i cho m\u1ecdi kh\u00f4ng gian s\u1ed1ng.<br \/>\n\t\t\t\t\t\t\tCh\u1ea1m l\u00e0 \u0111i\u1ec1u khi\u1ec3n \u2013 S\u1ed1ng hi\u1ec7n \u0111\u1ea1i t\u1eebng gi\u00e2y<br \/>\n\t\t\t\t\t\t\tT\u1eeb \u0111i\u1ec1u khi\u1ec3n \u0111\u00e8n, m\u00e1y l\u1ea1nh, r\u00e8m c\u1eeda \u0111\u1ebfn h\u1ec7 th\u1ed1ng an ninh \u2013 t\u1ea5t c\u1ea3 \u0111\u01b0\u1ee3c qu\u1ea3n l\u00fd qua \u0111i\u1ec7n tho\u1ea1i ho\u1eb7c gi\u1ecdng n\u00f3i, gi\u00fap b\u1ea1n ti\u1ebft ki\u1ec7m th\u1eddi gian, n\u0103ng l\u01b0\u1ee3ng v\u00e0 n\u00e2ng t\u1ea7m cu\u1ed9c s\u1ed1ng.<br \/>\n\u2705 T\u01b0 v\u1ea5n t\u1eadn n\u01a1i \u2013 Thi c\u00f4ng nhanh ch\u00f3ng<br \/>\n\u2705 T\u00edch h\u1ee3p linh ho\u1ea1t v\u1edbi thi\u1ebft b\u1ecb hi\u1ec7n c\u00f3<br \/>\n\u2705 B\u1ea3o h\u00e0nh d\u00e0i h\u1ea1n \u2013 h\u1ed7 tr\u1ee3 k\u1ef9 thu\u1eadt 24\/7<br \/>\nBi\u1ebfn ng\u00f4i nh\u00e0 c\u1ee7a b\u1ea1n th\u00e0nh m\u1ed9t kh\u00f4ng gian s\u1ed1ng th\u00f4ng minh v\u00e0 \u0111\u1eb3ng c\u1ea5p ngay h\u00f4m nay!<br \/>\n\t\t\t\t\t\t\t\t\t\t\t<a href=\"https:\/\/aausolar.com\/?post_type=product\"><br \/>\n\t\t\t\t\t\t\tXem th\u00eam\t\t\t\t\t\t<\/a><\/p>\n<h2>B\u1eaft \u0111\u1ea7u ti\u1ebft ki\u1ec7m v\u00e0 t\u1ea1o ra n\u0103ng l\u01b0\u1ee3ng ngay h\u00f4m nay.<\/h2>\n<hr data-start=\"105\" data-end=\"108\" \/>\n<p data-start=\"110\" data-end=\"468\"><strong data-start=\"110\" data-end=\"166\">\u0110\u1eebng ch\u1edd \u0111\u1ee3i t\u01b0\u01a1ng lai \u2013 h\u00e3y h\u00e0nh \u0111\u1ed9ng ngay h\u00f4m nay!<\/strong><br data-start=\"166\" data-end=\"169\" \/>Trang b\u1ecb h\u1ec7 th\u1ed1ng \u0111i\u1ec7n hi\u1ec7n \u0111\u1ea1i, ti\u1ebft ki\u1ec7m v\u00e0 b\u1ec1n v\u1eefng kh\u00f4ng ch\u1ec9 gi\u00fap b\u1ea1n gi\u1ea3m h\u00f3a \u0111\u01a1n \u0111i\u1ec7n m\u00e0 c\u00f2n g\u00f3p ph\u1ea7n b\u1ea3o v\u1ec7 m\u00f4i tr\u01b0\u1eddng. \u0110\u1eb7t h\u00e0ng ngay h\u00f4m nay \u0111\u1ec3 nh\u1eadn \u01b0u \u0111\u00e3i \u0111\u1eb7c bi\u1ec7t v\u00e0 \u0111\u01b0\u1ee3c t\u01b0 v\u1ea5n mi\u1ec5n ph\u00ed t\u1eeb \u0111\u1ed9i ng\u0169 k\u1ef9 thu\u1eadt vi\u00ean gi\u00e0u kinh nghi\u1ec7m c\u1ee7a ch\u00fang t\u00f4i!<br data-start=\"422\" data-end=\"425\" \/>\ud83d\udc49 <strong data-start=\"428\" data-end=\"468\">S\u1ed1 l\u01b0\u1ee3ng \u01b0u \u0111\u00e3i c\u00f3 h\u1ea1n \u2013 \u0111\u1eebng b\u1ecf l\u1ee1!<\/strong><\/p>\n<p>\t\t\t\t\t<a href=\"#\"><br \/>\n\t\t\t\t\t\t\t\t\tKh\u00e1m ph\u00e1 th\u00eam<br \/>\n\t\t\t\t\t<\/a><\/p>\n<h6>FAQ<\/h6>\n<h2>Nh\u1eefng c\u00e2u h\u1ecfi th\u01b0\u1eddng g\u1eb7p<\/h2>\n<hr data-start=\"105\" data-end=\"108\" \/>\n<p data-start=\"110\" data-end=\"423\"><strong data-start=\"110\" data-end=\"140\">B\u1ea1n c\u00f2n b\u0103n kho\u0103n \u0111i\u1ec1u g\u00ec?<\/strong><\/p>\n<p data-start=\"110\" data-end=\"423\">Xem ngay m\u1ee5c <strong data-start=\"74\" data-end=\"98\" data-is-only-node=\"\">&#8220;C\u00e2u h\u1ecfi th\u01b0\u1eddng g\u1eb7p&#8221;<\/strong> \u0111\u1ec3 c\u00f3 c\u00e2u tr\u1ea3 l\u1eddi nhanh ch\u00f3ng, r\u00f5 r\u00e0ng v\u00e0 \u0111\u1ea7y \u0111\u1ee7 nh\u1ea5t!<br data-start=\"140\" data-end=\"143\" \/>\u00a0\u2013 t\u1eeb c\u00e1ch ch\u1ecdn s\u1ea3n ph\u1ea9m ph\u00f9 h\u1ee3p, quy tr\u00ecnh l\u1eafp \u0111\u1eb7t, \u0111\u1ebfn ch\u00ednh s\u00e1ch b\u1ea3o h\u00e0nh.<br data-start=\"325\" data-end=\"328\" \/>\ud83d\udc49 H\u00e3y xem ngay\u00a0<\/p>\n<p>T\u1ed5ng s\u1ed1 ng\u01b0\u1eddi truy c\u1eadp: [wpstatistics stat=visits]<br \/>\n[wpstatistics stat=visitors]<br \/>\nS\u1ed1 ng\u01b0\u1eddi \u0111ang online: [wpstatistics stat=usersonline]<br \/>\nS\u1ed1 l\u01b0\u1ee3t truy c\u1eadp h\u00f4m nay: [wpstatistics stat=visits time=today]\ud83d\udc64 S\u1ed1 l\u01b0\u1ee3t truy c\u1eadp h\u00f4m qua: \t[wpstatistics stat=visits time=yesterday]<br \/>\n\t\t\t\t\t<iframe src=\"https:\/\/www.google.com\/maps\/embed?pb=!1m18!1m12!1m3!1d7837.074595323131!2d106.7788627376111!3d10.846684031197812!2m3!1f0!2f0!3f0!3m2!1i1024!2i768!4f13.1!3m3!1m2!1s0x3175271366828fdf%3A0xcea2b0d9aa22225f!2zQ8OUTkcgVFkgQ-G7lCBQSOG6pk4gVE0tRFYgVsOAIEvhu7ggVEhV4bqsVCDDgSDDglUgw5pD!5e0!3m2!1svi!2s!4v1747639762033!5m2!1svi!2s\" width=\"600\" height=\"450\" style=\"border:0;\" allowfullscreen=\"\" loading=\"lazy\" referrerpolicy=\"no-referrer-when-downgrade\"><\/iframe><\/p>\n<blockquote cite=\"https:\/\/www.facebook.com\/aausolars\"><p><a href=\"https:\/\/www.facebook.com\/aausolars\">Solar energy _ N\u0103ng l\u01b0\u1ee3ng m\u1eb7t tr\u1eddi<\/a><\/p><\/blockquote>\n","protected":false},"excerpt":{"rendered":"<p>CHUY\u00caN L\u1eaeP \u0110\u1eb6T &#038; S\u1eecA CH\u1eeeA TR\u1ea0M BI\u1ebeN \u00c1P Thi c\u00f4ng nhanh ch\u00f3ng \u2013 \u0110\u1ea3m b\u1ea3o an to\u00e0n \u2013 T\u1ed1i [&hellip;]<\/p>\n","protected":false},"author":1,"featured_media":0,"parent":0,"menu_order":0,"comment_status":"closed","ping_status":"closed","template":"elementor_header_footer","meta":{"site-sidebar-layout":"default","site-content-layout":"","ast-site-content-layout":"","site-content-style":"default","site-sidebar-style":"default","ast-global-header-display":"","ast-banner-title-visibility":"","ast-main-header-display":"","ast-hfb-above-header-display":"","ast-hfb-below-header-display":"","ast-hfb-mobile-header-display":"","site-post-title":"","ast-breadcrumbs-content":"","ast-featured-img":"","footer-sml-layout":"","theme-transparent-header-meta":"","adv-header-id-meta":"","stick-header-meta":"","header-above-stick-meta":"","header-main-stick-meta":"","header-below-stick-meta":"","astra-migrate-meta-layouts":"default","ast-page-background-enabled":"default","ast-page-background-meta":{"desktop":{"background-color":"var(--ast-global-color-5)","background-image":"","background-repeat":"repeat","background-position":"center center","background-size":"auto","background-attachment":"scroll","background-type":"","background-media":"","overlay-type":"","overlay-color":"","overlay-opacity":"","overlay-gradient":""},"tablet":{"background-color":"","background-image":"","background-repeat":"repeat","background-position":"center center","background-size":"auto","background-attachment":"scroll","background-type":"","background-media":"","overlay-type":"","overlay-color":"","overlay-opacity":"","overlay-gradient":""},"mobile":{"background-color":"","background-image":"","background-repeat":"repeat","background-position":"center center","background-size":"auto","background-attachment":"scroll","background-type":"","background-media":"","overlay-type":"","overlay-color":"","overlay-opacity":"","overlay-gradient":""}},"ast-content-background-meta":{"desktop":{"background-color":"var(--ast-global-color-4)","background-image":"","background-repeat":"repeat","background-position":"center center","background-size":"auto","background-attachment":"scroll","background-type":"","background-media":"","overlay-type":"","overlay-color":"","overlay-opacity":"","overlay-gradient":""},"tablet":{"background-color":"var(--ast-global-color-4)","background-image":"","background-repeat":"repeat","background-position":"center center","background-size":"auto","background-attachment":"scroll","background-type":"","background-media":"","overlay-type":"","overlay-color":"","overlay-opacity":"","overlay-gradient":""},"mobile":{"background-color":"var(--ast-global-color-4)","background-image":"","background-repeat":"repeat","background-position":"center center","background-size":"auto","background-attachment":"scroll","background-type":"","background-media":"","overlay-type":"","overlay-color":"","overlay-opacity":"","overlay-gradient":""}},"_kadence_starter_templates_imported_post":false,"footnotes":""},"class_list":["post-813","page","type-page","status-publish","hentry"],"jetpack_sharing_enabled":true,"_links":{"self":[{"href":"https:\/\/aausolar.com\/index.php?rest_route=\/wp\/v2\/pages\/813","targetHints":{"allow":["GET"]}}],"collection":[{"href":"https:\/\/aausolar.com\/index.php?rest_route=\/wp\/v2\/pages"}],"about":[{"href":"https:\/\/aausolar.com\/index.php?rest_route=\/wp\/v2\/types\/page"}],"author":[{"embeddable":true,"href":"https:\/\/aausolar.com\/index.php?rest_route=\/wp\/v2\/users\/1"}],"replies":[{"embeddable":true,"href":"https:\/\/aausolar.com\/index.php?rest_route=%2Fwp%2Fv2%2Fcomments&post=813"}],"version-history":[{"count":16,"href":"https:\/\/aausolar.com\/index.php?rest_route=\/wp\/v2\/pages\/813\/revisions"}],"predecessor-version":[{"id":837,"href":"https:\/\/aausolar.com\/index.php?rest_route=\/wp\/v2\/pages\/813\/revisions\/837"}],"wp:attachment":[{"href":"https:\/\/aausolar.com\/index.php?rest_route=%2Fwp%2Fv2%2Fmedia&parent=813"}],"curies":[{"name":"wp","href":"https:\/\/api.w.org\/{rel}","templated":true}]}}